{"id":111,"date":"2018-11-13T00:39:36","date_gmt":"2018-11-13T00:39:36","guid":{"rendered":"http:\/\/www.protree.in\/cso\/?page_id=111"},"modified":"2019-04-02T02:43:59","modified_gmt":"2019-04-02T02:43:59","slug":"executive-director","status":"publish","type":"page","link":"https:\/\/www.cso1.org\/es\/executive-director\/","title":{"rendered":"Executive Director"},"content":{"rendered":"\t\t<div data-elementor-type=\"wp-post\" data-elementor-id=\"111\" class=\"elementor elementor-111 elementor-bc-flex-widget\">\n\t\t\t\t\t\t<section class=\"elementor-section elementor-top-section elementor-element elementor-element-598b540d elementor-section-boxed elementor-section-height-default elementor-section-height-default\" data-id=\"598b540d\" data-element_type=\"section\">\n\t\t\t\t\t\t<div class=\"elementor-container elementor-column-gap-no\">\n\t\t\t\t\t<div class=\"elementor-column elementor-col-100 elementor-top-column elementor-element elementor-element-124194db\" data-id=\"124194db\" data-element_type=\"column\">\n\t\t\t<div class=\"elementor-widget-wrap elementor-element-populated\">\n\t\t\t\t\t\t<div class=\"elementor-element elementor-element-7e2468ce elementor-widget elementor-widget-heading\" data-id=\"7e2468ce\" data-element_type=\"widget\" data-widget_type=\"heading.default\">\n\t\t\t\t<div class=\"elementor-widget-container\">\n\t\t\t\t\t<h2 class=\"elementor-heading-title elementor-size-large\">David Ogunbode\n<\/h2>\t\t\t\t<\/div>\n\t\t\t\t<\/div>\n\t\t\t\t<div class=\"elementor-element elementor-element-31d089d0 elementor-widget elementor-widget-heading\" data-id=\"31d089d0\" data-element_type=\"widget\" data-widget_type=\"heading.default\">\n\t\t\t\t<div class=\"elementor-widget-container\">\n\t\t\t\t\t<h2 class=\"elementor-heading-title elementor-size-large\">Director Ejecutivo<\/h2>\t\t\t\t<\/div>\n\t\t\t\t<\/div>\n\t\t\t\t<div class=\"elementor-element elementor-element-5c98bcd1 elementor-widget elementor-widget-text-editor\" data-id=\"5c98bcd1\" data-element_type=\"widget\" data-widget_type=\"text-editor.default\">\n\t\t\t\t<div class=\"elementor-widget-container\">\n\t\t\t\t\t\t\t\t\t<pre><span style=\"font-family: verdana, geneva; font-size: 16px;\"><img decoding=\"async\" class=\" wp-image-280 alignleft\" src=\"https:\/\/www.cso1.org\/es\/wp-content\/uploads\/2019\/04\/Copy-of-David.jpg\" alt=\"\" width=\"273\" height=\"182\" \/>Bienvenido y gracias por ver el sitio web de CSO. Es un placer atender sus necesidades y estar disponible para apoyarlo. CSO se ha desempe\u00f1ado con orgullo y profesionalmente como la entidad de coordinaci\u00f3n de servicios independiente para las personas con discapacidad intelectual \/ de desarrollo en los lados sur y oeste de la ciudad de Chicago.<\/span><\/pre><p><span style=\"font-family: verdana, geneva; font-size: 16px;\">Por mucho que haya mejoras sist\u00e9micas en la cr\u00f3nica, no son generalizadas en todo el estado omnipresente. Sin embargo, CSO contin\u00faan desempe\u00f1ando un papel integral en la representaci\u00f3n de las familias y otras partes interesadas. <\/span><\/p><p><span style=\"font-family: verdana, geneva; font-size: 16px;\"><br \/>CSO trabaja con el sistema de las Escuelas P\u00fablicas de Chicago para garantizar que las familias conozcan sus derechos, funciones y responsabilidades en el proceso de transici\u00f3n a la adultez. Ayudamos a conectar a las familias con recursos comunitarios y gubernamentales para reducir el estigma y las frustraciones de la discapacidad. Realizamos un foro de proveedores en la primavera para discutir lo qu\u00e9 funciona dentro de los sistemas y qu\u00e9 cambios deben hacer los proveedores para mejorar la calidad de vida de aquellos a quienes proveen servicios.<\/span><\/p><p><span style=\"font-family: verdana, geneva; font-size: 16px;\"><br \/>Alrededor de cuatro a cinco veces al a\u00f1o entre primavera y verano, CSO ofrece un programa social \/ recreativo llamado Boogie Night para nuestros clientes y familias. Este programa conecta a clientes de diferentes proveedores de servicios en un entorno social. CSO est\u00e1 verdaderamente comprometida con nuestros clientes para hablar libremente sobre temas de discapacidad.<\/span><\/p><p><em><span style=\"font-family: verdana, geneva; font-size: 16px; text-align: start;\">Para obtener m\u00e1s informaci\u00f3n sobre nuestros servicios, env\u00edenos un correo electr\u00f3nico o ll\u00e1menos al (773) 471-4700.<br \/><\/span><\/em><\/p>\t\t\t\t\t\t\t\t<\/div>\n\t\t\t\t<\/div>\n\t\t\t\t\t<\/div>\n\t\t<\/div>\n\t\t\t\t\t<\/div>\n\t\t<\/section>\n\t\t\t\t<\/div>\n\t\t","protected":false},"excerpt":{"rendered":"<p>David Ogunbode Director Ejecutivo Bienvenido y gracias por ver el sitio web de CSO. Es un placer atender sus necesidades y estar disponible para apoyarlo. CSO se ha desempe\u00f1ado con &#8230;<\/p>\n","protected":false},"author":1,"featured_media":0,"parent":0,"menu_order":0,"comment_status":"closed","ping_status":"closed","template":"","meta":{"footnotes":""},"class_list":["post-111","page","type-page","status-publish","hentry"],"_links":{"self":[{"href":"https:\/\/www.cso1.org\/es\/wp-json\/wp\/v2\/pages\/111","targetHints":{"allow":["GET"]}}],"collection":[{"href":"https:\/\/www.cso1.org\/es\/wp-json\/wp\/v2\/pages"}],"about":[{"href":"https:\/\/www.cso1.org\/es\/wp-json\/wp\/v2\/types\/page"}],"author":[{"embeddable":true,"href":"https:\/\/www.cso1.org\/es\/wp-json\/wp\/v2\/users\/1"}],"replies":[{"embeddable":true,"href":"https:\/\/www.cso1.org\/es\/wp-json\/wp\/v2\/comments?post=111"}],"version-history":[{"count":10,"href":"https:\/\/www.cso1.org\/es\/wp-json\/wp\/v2\/pages\/111\/revisions"}],"predecessor-version":[{"id":287,"href":"https:\/\/www.cso1.org\/es\/wp-json\/wp\/v2\/pages\/111\/revisions\/287"}],"wp:attachment":[{"href":"https:\/\/www.cso1.org\/es\/wp-json\/wp\/v2\/media?parent=111"}],"curies":[{"name":"wp","href":"https:\/\/api.w.org\/{rel}","templated":true}]}}