{"id":114,"date":"2018-11-13T00:40:23","date_gmt":"2018-11-13T00:40:23","guid":{"rendered":"http:\/\/www.protree.in\/cso\/?page_id=114"},"modified":"2025-04-04T12:22:25","modified_gmt":"2025-04-04T12:22:25","slug":"corporate-values","status":"publish","type":"page","link":"https:\/\/www.cso1.org\/es\/corporate-values\/","title":{"rendered":"Corporate Values"},"content":{"rendered":"\t\t<div data-elementor-type=\"wp-post\" data-elementor-id=\"114\" class=\"elementor elementor-114\">\n\t\t\t\t\t\t<section class=\"elementor-section elementor-top-section elementor-element elementor-element-1325402a elementor-section-boxed elementor-section-height-default elementor-section-height-default\" data-id=\"1325402a\" data-element_type=\"section\">\n\t\t\t\t\t\t<div class=\"elementor-container elementor-column-gap-default\">\n\t\t\t\t\t<div class=\"elementor-column elementor-col-100 elementor-top-column elementor-element elementor-element-694eb0fd\" data-id=\"694eb0fd\" data-element_type=\"column\">\n\t\t\t<div class=\"elementor-widget-wrap elementor-element-populated\">\n\t\t\t\t\t\t<div class=\"elementor-element elementor-element-76fb8b89 elementor-widget elementor-widget-heading\" data-id=\"76fb8b89\" data-element_type=\"widget\" data-widget_type=\"heading.default\">\n\t\t\t\t<div class=\"elementor-widget-container\">\n\t\t\t\t\t<h5 class=\"elementor-heading-title elementor-size-default\">Valores Corporativos<\/h5>\t\t\t\t<\/div>\n\t\t\t\t<\/div>\n\t\t\t\t<div class=\"elementor-element elementor-element-637be831 elementor-widget elementor-widget-heading\" data-id=\"637be831\" data-element_type=\"widget\" data-widget_type=\"heading.default\">\n\t\t\t\t<div class=\"elementor-widget-container\">\n\t\t\t\t\t<h5 class=\"elementor-heading-title elementor-size-default\">Abogamos en nombre de personas con discapacidades.<\/h5>\t\t\t\t<\/div>\n\t\t\t\t<\/div>\n\t\t\t\t\t<\/div>\n\t\t<\/div>\n\t\t\t\t\t<\/div>\n\t\t<\/section>\n\t\t\t\t<section class=\"elementor-section elementor-top-section elementor-element elementor-element-75edfb74 elementor-section-content-middle elementor-section-boxed elementor-section-height-default elementor-section-height-default\" data-id=\"75edfb74\" data-element_type=\"section\">\n\t\t\t\t\t\t<div class=\"elementor-container elementor-column-gap-no\">\n\t\t\t\t\t<div class=\"elementor-column elementor-col-100 elementor-top-column elementor-element elementor-element-5c1ca6d5\" data-id=\"5c1ca6d5\" data-element_type=\"column\">\n\t\t\t<div class=\"elementor-widget-wrap elementor-element-populated\">\n\t\t\t\t\t\t<div class=\"elementor-element elementor-element-11d5e4e2 elementor-widget elementor-widget-toggle\" data-id=\"11d5e4e2\" data-element_type=\"widget\" data-widget_type=\"toggle.default\">\n\t\t\t\t<div class=\"elementor-widget-container\">\n\t\t\t\t\t\t\t<div class=\"elementor-toggle\">\n\t\t\t\t\t\t\t<div class=\"elementor-toggle-item\">\n\t\t\t\t\t<div id=\"elementor-tab-title-2991\" class=\"elementor-tab-title\" data-tab=\"1\" role=\"button\" aria-controls=\"elementor-tab-content-2991\" aria-expanded=\"false\">\n\t\t\t\t\t\t\t\t\t\t\t\t<span class=\"elementor-toggle-icon elementor-toggle-icon-right\" aria-hidden=\"true\">\n\t\t\t\t\t\t\t\t\t\t\t\t\t\t\t<i class=\"elementor-toggle-icon-closed fa fa-caret-right\"><\/i>\n\t\t\t\t\t\t\t\t<i class=\"elementor-toggle-icon-opened fa fa-caret-up\"><\/i>\n\t\t\t\t\t\t\t\t\t\t\t\t\t<\/span>\n\t\t\t\t\t\t\t\t\t\t\t\t<a class=\"elementor-toggle-title\" tabindex=\"0\"> El respeto<\/a>\n\t\t\t\t\t<\/div>\n\n\t\t\t\t\t<div id=\"elementor-tab-content-2991\" class=\"elementor-tab-content elementor-clearfix\" data-tab=\"1\" role=\"region\" aria-labelledby=\"elementor-tab-title-2991\"><p>Vemos las fortalezas y habilidades en todos y promovemos la \u00abelecci\u00f3n\u00bb, la autodeterminaci\u00f3n y la independencia en todos los individuos.<\/p><\/div>\n\t\t\t\t<\/div>\n\t\t\t\t\t\t\t<div class=\"elementor-toggle-item\">\n\t\t\t\t\t<div id=\"elementor-tab-title-2992\" class=\"elementor-tab-title\" data-tab=\"2\" role=\"button\" aria-controls=\"elementor-tab-content-2992\" aria-expanded=\"false\">\n\t\t\t\t\t\t\t\t\t\t\t\t<span class=\"elementor-toggle-icon elementor-toggle-icon-right\" aria-hidden=\"true\">\n\t\t\t\t\t\t\t\t\t\t\t\t\t\t\t<i class=\"elementor-toggle-icon-closed fa fa-caret-right\"><\/i>\n\t\t\t\t\t\t\t\t<i class=\"elementor-toggle-icon-opened fa fa-caret-up\"><\/i>\n\t\t\t\t\t\t\t\t\t\t\t\t\t<\/span>\n\t\t\t\t\t\t\t\t\t\t\t\t<a class=\"elementor-toggle-title\" tabindex=\"0\"> Servicio<\/a>\n\t\t\t\t\t<\/div>\n\n\t\t\t\t\t<div id=\"elementor-tab-content-2992\" class=\"elementor-tab-content elementor-clearfix\" data-tab=\"2\" role=\"region\" aria-labelledby=\"elementor-tab-title-2992\"><p>Nos esforzamos por informar, ofrecer, coordinar y defender una gama completa de servicios y recursos apropiados para personas con discapacidades.<\/p><\/div>\n\t\t\t\t<\/div>\n\t\t\t\t\t\t\t<div class=\"elementor-toggle-item\">\n\t\t\t\t\t<div id=\"elementor-tab-title-2993\" class=\"elementor-tab-title\" data-tab=\"3\" role=\"button\" aria-controls=\"elementor-tab-content-2993\" aria-expanded=\"false\">\n\t\t\t\t\t\t\t\t\t\t\t\t<span class=\"elementor-toggle-icon elementor-toggle-icon-right\" aria-hidden=\"true\">\n\t\t\t\t\t\t\t\t\t\t\t\t\t\t\t<i class=\"elementor-toggle-icon-closed fa fa-caret-right\"><\/i>\n\t\t\t\t\t\t\t\t<i class=\"elementor-toggle-icon-opened fa fa-caret-up\"><\/i>\n\t\t\t\t\t\t\t\t\t\t\t\t\t<\/span>\n\t\t\t\t\t\t\t\t\t\t\t\t<a class=\"elementor-toggle-title\" tabindex=\"0\"> Inclusi\u00f3n<\/a>\n\t\t\t\t\t<\/div>\n\n\t\t\t\t\t<div id=\"elementor-tab-content-2993\" class=\"elementor-tab-content elementor-clearfix\" data-tab=\"3\" role=\"region\" aria-labelledby=\"elementor-tab-title-2993\">No limitamos ni discriminamos en funci\u00f3n de la raza, el sexo, la edad, la discapacidad o cualquier clase protegida en la prestaci\u00f3n de servicios para los que las personas son elegibles o tienen derecho.<\/div>\n\t\t\t\t<\/div>\n\t\t\t\t\t\t\t<div class=\"elementor-toggle-item\">\n\t\t\t\t\t<div id=\"elementor-tab-title-2994\" class=\"elementor-tab-title\" data-tab=\"4\" role=\"button\" aria-controls=\"elementor-tab-content-2994\" aria-expanded=\"false\">\n\t\t\t\t\t\t\t\t\t\t\t\t<span class=\"elementor-toggle-icon elementor-toggle-icon-right\" aria-hidden=\"true\">\n\t\t\t\t\t\t\t\t\t\t\t\t\t\t\t<i class=\"elementor-toggle-icon-closed fa fa-caret-right\"><\/i>\n\t\t\t\t\t\t\t\t<i class=\"elementor-toggle-icon-opened fa fa-caret-up\"><\/i>\n\t\t\t\t\t\t\t\t\t\t\t\t\t<\/span>\n\t\t\t\t\t\t\t\t\t\t\t\t<a class=\"elementor-toggle-title\" tabindex=\"0\"> Accesibilidad<\/a>\n\t\t\t\t\t<\/div>\n\n\t\t\t\t\t<div id=\"elementor-tab-content-2994\" class=\"elementor-tab-content elementor-clearfix\" data-tab=\"4\" role=\"region\" aria-labelledby=\"elementor-tab-title-2994\"><p>Alentamos el aporte, la retroalimentaci\u00f3n y la participaci\u00f3n de las partes interesadas, as\u00ed como tambi\u00e9n realizamos operaciones \u00absin barreras\u00bb relevantes para nuestros programas, adaptaciones f\u00edsicas, idioma, cultura y actitud.<\/p><\/div>\n\t\t\t\t<\/div>\n\t\t\t\t\t\t\t<div class=\"elementor-toggle-item\">\n\t\t\t\t\t<div id=\"elementor-tab-title-2995\" class=\"elementor-tab-title\" data-tab=\"5\" role=\"button\" aria-controls=\"elementor-tab-content-2995\" aria-expanded=\"false\">\n\t\t\t\t\t\t\t\t\t\t\t\t<span class=\"elementor-toggle-icon elementor-toggle-icon-right\" aria-hidden=\"true\">\n\t\t\t\t\t\t\t\t\t\t\t\t\t\t\t<i class=\"elementor-toggle-icon-closed fa fa-caret-right\"><\/i>\n\t\t\t\t\t\t\t\t<i class=\"elementor-toggle-icon-opened fa fa-caret-up\"><\/i>\n\t\t\t\t\t\t\t\t\t\t\t\t\t<\/span>\n\t\t\t\t\t\t\t\t\t\t\t\t<a class=\"elementor-toggle-title\" tabindex=\"0\"> Responsabilidad<\/a>\n\t\t\t\t\t<\/div>\n\n\t\t\t\t\t<div id=\"elementor-tab-content-2995\" class=\"elementor-tab-content elementor-clearfix\" data-tab=\"5\" role=\"region\" aria-labelledby=\"elementor-tab-title-2995\"><p>Llevamos a cabo la evaluaci\u00f3n de necesidades, la planificaci\u00f3n estrat\u00e9gica y la evaluaci\u00f3n a fin de garantizar que se logren los resultados previstos y que los mandantes est\u00e9n \u00absatisfechos\u00bb, como se revela en las medidas de eficacia y eficiencia.<\/p><\/div>\n\t\t\t\t<\/div>\n\t\t\t\t\t\t\t<div class=\"elementor-toggle-item\">\n\t\t\t\t\t<div id=\"elementor-tab-title-2996\" class=\"elementor-tab-title\" data-tab=\"6\" role=\"button\" aria-controls=\"elementor-tab-content-2996\" aria-expanded=\"false\">\n\t\t\t\t\t\t\t\t\t\t\t\t<span class=\"elementor-toggle-icon elementor-toggle-icon-right\" aria-hidden=\"true\">\n\t\t\t\t\t\t\t\t\t\t\t\t\t\t\t<i class=\"elementor-toggle-icon-closed fa fa-caret-right\"><\/i>\n\t\t\t\t\t\t\t\t<i class=\"elementor-toggle-icon-opened fa fa-caret-up\"><\/i>\n\t\t\t\t\t\t\t\t\t\t\t\t\t<\/span>\n\t\t\t\t\t\t\t\t\t\t\t\t<a class=\"elementor-toggle-title\" tabindex=\"0\">Administraci\u00f3n<\/a>\n\t\t\t\t\t<\/div>\n\n\t\t\t\t\t<div id=\"elementor-tab-content-2996\" class=\"elementor-tab-content elementor-clearfix\" data-tab=\"6\" role=\"region\" aria-labelledby=\"elementor-tab-title-2996\"><p>Creamos e implementamos pol\u00edticas, procedimientos y controles para maximizar la utilizaci\u00f3n de los recursos y cumplimos con los requisitos legales y mantenemos una imagen de integridad digna de la confianza p\u00fablica.<\/p><\/div>\n\t\t\t\t<\/div>\n\t\t\t\t\t\t\t\t<\/div>\n\t\t\t\t\t\t<\/div>\n\t\t\t\t<\/div>\n\t\t\t\t\t<\/div>\n\t\t<\/div>\n\t\t\t\t\t<\/div>\n\t\t<\/section>\n\t\t\t\t<\/div>\n\t\t","protected":false},"excerpt":{"rendered":"<p>Valores Corporativos Abogamos en nombre de personas con discapacidades. El respeto Vemos las fortalezas y habilidades en todos y promovemos la &#8220;elecci\u00f3n&#8221;, la autodeterminaci\u00f3n y la independencia en todos los &#8230;<\/p>\n","protected":false},"author":1,"featured_media":0,"parent":0,"menu_order":0,"comment_status":"closed","ping_status":"closed","template":"","meta":{"footnotes":""},"class_list":["post-114","page","type-page","status-publish","hentry"],"_links":{"self":[{"href":"https:\/\/www.cso1.org\/es\/wp-json\/wp\/v2\/pages\/114","targetHints":{"allow":["GET"]}}],"collection":[{"href":"https:\/\/www.cso1.org\/es\/wp-json\/wp\/v2\/pages"}],"about":[{"href":"https:\/\/www.cso1.org\/es\/wp-json\/wp\/v2\/types\/page"}],"author":[{"embeddable":true,"href":"https:\/\/www.cso1.org\/es\/wp-json\/wp\/v2\/users\/1"}],"replies":[{"embeddable":true,"href":"https:\/\/www.cso1.org\/es\/wp-json\/wp\/v2\/comments?post=114"}],"version-history":[{"count":7,"href":"https:\/\/www.cso1.org\/es\/wp-json\/wp\/v2\/pages\/114\/revisions"}],"predecessor-version":[{"id":505,"href":"https:\/\/www.cso1.org\/es\/wp-json\/wp\/v2\/pages\/114\/revisions\/505"}],"wp:attachment":[{"href":"https:\/\/www.cso1.org\/es\/wp-json\/wp\/v2\/media?parent=114"}],"curies":[{"name":"wp","href":"https:\/\/api.w.org\/{rel}","templated":true}]}}