{"id":530,"date":"2025-04-28T05:49:40","date_gmt":"2025-04-28T05:49:40","guid":{"rendered":"https:\/\/www.cso1.org\/es\/?page_id=530"},"modified":"2025-04-28T05:59:29","modified_gmt":"2025-04-28T05:59:29","slug":"case-coordination","status":"publish","type":"page","link":"https:\/\/www.cso1.org\/es\/case-coordination\/","title":{"rendered":"Case Coordination\u200b"},"content":{"rendered":"\t\t<div data-elementor-type=\"wp-page\" data-elementor-id=\"530\" class=\"elementor elementor-530\">\n\t\t\t\t\t\t<section class=\"elementor-section elementor-top-section elementor-element elementor-element-6529585 elementor-section-boxed elementor-section-height-default elementor-section-height-default\" data-id=\"6529585\" data-element_type=\"section\">\n\t\t\t\t\t\t<div class=\"elementor-container elementor-column-gap-default\">\n\t\t\t\t\t<div class=\"elementor-column elementor-col-100 elementor-top-column elementor-element elementor-element-4ae9aa2\" data-id=\"4ae9aa2\" data-element_type=\"column\">\n\t\t\t<div class=\"elementor-widget-wrap elementor-element-populated\">\n\t\t\t\t\t\t<div class=\"elementor-element elementor-element-36891e3 elementor-widget elementor-widget-heading\" data-id=\"36891e3\" data-element_type=\"widget\" data-widget_type=\"heading.default\">\n\t\t\t\t<div class=\"elementor-widget-container\">\n\t\t\t\t\t<h2 class=\"elementor-heading-title elementor-size-default\">Administraci\u00f3n de casos<\/h2>\t\t\t\t<\/div>\n\t\t\t\t<\/div>\n\t\t\t\t<div class=\"elementor-element elementor-element-f3c5b31 elementor-widget elementor-widget-text-editor\" data-id=\"f3c5b31\" data-element_type=\"widget\" data-widget_type=\"text-editor.default\">\n\t\t\t\t<div class=\"elementor-widget-container\">\n\t\t\t\t\t\t\t\t\t<p>Coordinaci\u00f3n de servicios (Administraci\u00f3n de casos) se refiere a los actos integrales de recopilaci\u00f3n de informaci\u00f3n, comunicaci\u00f3n, arreglos de servicios y defensa de las personas que necesitan ayuda. Es una funci\u00f3n realizada por los profesionales calificados de la discapacidad Intelectual (QIDP) en el personal de CSO. Los QIDP de CSO eval\u00faan y documentan las necesidades, capacidades y solicitudes de servicio de cada individuo. Con base en un an\u00e1lisis de los antecedentes m\u00e9dicos, psicol\u00f3gicos, educativos y sociales del individuo, los QIDP determinan e informan a las personas acerca de los servicios \u00abapropiados\u00bb. Ellos supervisan el desarrollo y la implementaci\u00f3n de un Plan de Servicio Individual (ISP). Los elementos de los servicios de administraci\u00f3n de casos son:<\/p><p>Servicios de personalizaci\u00f3n apropiados para las necesidades del consumidor y su elegibilidad<br \/>Competencia cultural con sensibilidad y flexibilidad<br \/>Contactar y abogar por el individuo incluso despu\u00e9s de que se haya logrado la colocaci\u00f3n en los servicios. El plan de servicios de cada individuo se revisado anualmente (o tan a menudo como sea necesario) para reflejar con precisi\u00f3n el progreso y las necesidades del individuo.<\/p>\t\t\t\t\t\t\t\t<\/div>\n\t\t\t\t<\/div>\n\t\t\t\t\t<\/div>\n\t\t<\/div>\n\t\t\t\t\t<\/div>\n\t\t<\/section>\n\t\t\t\t<\/div>\n\t\t","protected":false},"excerpt":{"rendered":"<p>Administraci\u00f3n de casos Coordinaci\u00f3n de servicios (Administraci\u00f3n de casos) se refiere a los actos integrales de recopilaci\u00f3n de informaci\u00f3n, comunicaci\u00f3n, arreglos de servicios y defensa de las personas que necesitan &#8230;<\/p>\n","protected":false},"author":1,"featured_media":0,"parent":0,"menu_order":0,"comment_status":"closed","ping_status":"closed","template":"","meta":{"footnotes":""},"class_list":["post-530","page","type-page","status-publish","hentry"],"_links":{"self":[{"href":"https:\/\/www.cso1.org\/es\/wp-json\/wp\/v2\/pages\/530","targetHints":{"allow":["GET"]}}],"collection":[{"href":"https:\/\/www.cso1.org\/es\/wp-json\/wp\/v2\/pages"}],"about":[{"href":"https:\/\/www.cso1.org\/es\/wp-json\/wp\/v2\/types\/page"}],"author":[{"embeddable":true,"href":"https:\/\/www.cso1.org\/es\/wp-json\/wp\/v2\/users\/1"}],"replies":[{"embeddable":true,"href":"https:\/\/www.cso1.org\/es\/wp-json\/wp\/v2\/comments?post=530"}],"version-history":[{"count":11,"href":"https:\/\/www.cso1.org\/es\/wp-json\/wp\/v2\/pages\/530\/revisions"}],"predecessor-version":[{"id":546,"href":"https:\/\/www.cso1.org\/es\/wp-json\/wp\/v2\/pages\/530\/revisions\/546"}],"wp:attachment":[{"href":"https:\/\/www.cso1.org\/es\/wp-json\/wp\/v2\/media?parent=530"}],"curies":[{"name":"wp","href":"https:\/\/api.w.org\/{rel}","templated":true}]}}