{"id":539,"date":"2025-04-28T05:56:35","date_gmt":"2025-04-28T05:56:35","guid":{"rendered":"https:\/\/www.cso1.org\/es\/?page_id=539"},"modified":"2025-04-28T05:58:04","modified_gmt":"2025-04-28T05:58:04","slug":"intake","status":"publish","type":"page","link":"https:\/\/www.cso1.org\/es\/intake\/","title":{"rendered":"Intake"},"content":{"rendered":"\t\t<div data-elementor-type=\"wp-page\" data-elementor-id=\"539\" class=\"elementor elementor-539\">\n\t\t\t\t\t\t<section class=\"elementor-section elementor-top-section elementor-element elementor-element-6529585 elementor-section-boxed elementor-section-height-default elementor-section-height-default\" data-id=\"6529585\" data-element_type=\"section\">\n\t\t\t\t\t\t<div class=\"elementor-container elementor-column-gap-default\">\n\t\t\t\t\t<div class=\"elementor-column elementor-col-100 elementor-top-column elementor-element elementor-element-4ae9aa2\" data-id=\"4ae9aa2\" data-element_type=\"column\">\n\t\t\t<div class=\"elementor-widget-wrap elementor-element-populated\">\n\t\t\t\t\t\t<div class=\"elementor-element elementor-element-36891e3 elementor-widget elementor-widget-heading\" data-id=\"36891e3\" data-element_type=\"widget\" data-widget_type=\"heading.default\">\n\t\t\t\t<div class=\"elementor-widget-container\">\n\t\t\t\t\t<h2 class=\"elementor-heading-title elementor-size-default\">Admision<\/h2>\t\t\t\t<\/div>\n\t\t\t\t<\/div>\n\t\t\t\t<div class=\"elementor-element elementor-element-f3c5b31 elementor-widget elementor-widget-text-editor\" data-id=\"f3c5b31\" data-element_type=\"widget\" data-widget_type=\"text-editor.default\">\n\t\t\t\t<div class=\"elementor-widget-container\">\n\t\t\t\t\t\t\t\t\t<p>Especialistas de Admisi\u00f3n de CSO registran las solicitudes de servicio, crean\u00a0\u00abcaso\u00bb de registro y y depacha un agente Calificado de Discapacidad Intelectuales (QIDP) para coordinar de elegibilidad, las evaluaciones, las solicitudes, los medios y la abogacia de las personas con discapacidadad intelectual \/ desarrollo (epilepsia, autismo, par\u00e1lisis cerebral y f\u00edsica\u00a0 relacionados con desordenes cognitivos). Especialistas de admisi\u00f3n obtienen informaci\u00f3n acerca de las necesidades\u00a0 individuals de servicios, diagn\u00f3sticos, historias de servicio, situacion juridica, medicamentos, tratamientos m\u00e9dicos, los ingresos familiares y de seguro. Con esta informaci\u00f3n, canalizamos la variedad de servicios de acuerdo a su eliginilidad. El departamento de admision proporciona a cada persona informaci\u00f3n sobre el proceso general para acceder a los servicios. Cuando sea necesario, admisi\u00f3n refiere a las personas con otras agencias, a los recursos apropiados que satisfag\u00e1n sus necesidades.<\/p><p>En contacto con nuestro Departamento de Admisi\u00f3n para m\u00e1s informaci\u00f3n al (773) 471-4740 o al n\u00famero gratuito (888) 276-4467.<\/p>\t\t\t\t\t\t\t\t<\/div>\n\t\t\t\t<\/div>\n\t\t\t\t\t<\/div>\n\t\t<\/div>\n\t\t\t\t\t<\/div>\n\t\t<\/section>\n\t\t\t\t<\/div>\n\t\t","protected":false},"excerpt":{"rendered":"<p>Admision Especialistas de Admisi\u00f3n de CSO registran las solicitudes de servicio, crean\u00a0\u00abcaso\u00bb de registro y y depacha un agente Calificado de Discapacidad Intelectuales (QIDP) para coordinar de elegibilidad, las evaluaciones, &#8230;<\/p>\n","protected":false},"author":1,"featured_media":0,"parent":0,"menu_order":0,"comment_status":"closed","ping_status":"closed","template":"","meta":{"footnotes":""},"class_list":["post-539","page","type-page","status-publish","hentry"],"_links":{"self":[{"href":"https:\/\/www.cso1.org\/es\/wp-json\/wp\/v2\/pages\/539","targetHints":{"allow":["GET"]}}],"collection":[{"href":"https:\/\/www.cso1.org\/es\/wp-json\/wp\/v2\/pages"}],"about":[{"href":"https:\/\/www.cso1.org\/es\/wp-json\/wp\/v2\/types\/page"}],"author":[{"embeddable":true,"href":"https:\/\/www.cso1.org\/es\/wp-json\/wp\/v2\/users\/1"}],"replies":[{"embeddable":true,"href":"https:\/\/www.cso1.org\/es\/wp-json\/wp\/v2\/comments?post=539"}],"version-history":[{"count":4,"href":"https:\/\/www.cso1.org\/es\/wp-json\/wp\/v2\/pages\/539\/revisions"}],"predecessor-version":[{"id":543,"href":"https:\/\/www.cso1.org\/es\/wp-json\/wp\/v2\/pages\/539\/revisions\/543"}],"wp:attachment":[{"href":"https:\/\/www.cso1.org\/es\/wp-json\/wp\/v2\/media?parent=539"}],"curies":[{"name":"wp","href":"https:\/\/api.w.org\/{rel}","templated":true}]}}