{"id":547,"date":"2025-04-28T06:00:47","date_gmt":"2025-04-28T06:00:47","guid":{"rendered":"https:\/\/www.cso1.org\/es\/?page_id=547"},"modified":"2025-04-28T06:01:48","modified_gmt":"2025-04-28T06:01:48","slug":"prioritization-of-urgency","status":"publish","type":"page","link":"https:\/\/www.cso1.org\/es\/prioritization-of-urgency\/","title":{"rendered":"Prioritization of Urgency of Need for Services (PUNS)"},"content":{"rendered":"\t\t<div data-elementor-type=\"wp-page\" data-elementor-id=\"547\" class=\"elementor elementor-547\">\n\t\t\t\t\t\t<section class=\"elementor-section elementor-top-section elementor-element elementor-element-6529585 elementor-section-boxed elementor-section-height-default elementor-section-height-default\" data-id=\"6529585\" data-element_type=\"section\">\n\t\t\t\t\t\t<div class=\"elementor-container elementor-column-gap-default\">\n\t\t\t\t\t<div class=\"elementor-column elementor-col-100 elementor-top-column elementor-element elementor-element-4ae9aa2\" data-id=\"4ae9aa2\" data-element_type=\"column\">\n\t\t\t<div class=\"elementor-widget-wrap elementor-element-populated\">\n\t\t\t\t\t\t<div class=\"elementor-element elementor-element-36891e3 elementor-widget elementor-widget-heading\" data-id=\"36891e3\" data-element_type=\"widget\" data-widget_type=\"heading.default\">\n\t\t\t\t<div class=\"elementor-widget-container\">\n\t\t\t\t\t<h2 class=\"elementor-heading-title elementor-size-default\">Priorizaci\u00f3n de la Urgencia de la Necesidad de Servicios (PUNS)<\/h2>\t\t\t\t<\/div>\n\t\t\t\t<\/div>\n\t\t\t\t<div class=\"elementor-element elementor-element-f3c5b31 elementor-widget elementor-widget-text-editor\" data-id=\"f3c5b31\" data-element_type=\"widget\" data-widget_type=\"text-editor.default\">\n\t\t\t\t<div class=\"elementor-widget-container\">\n\t\t\t\t\t\t\t\t\t<p>Todas las personas con discapacidad intelectual o de desarrollo que deseen recibir servicios del Departamento de Servicios Humanos de Illinois, deberan registr\u00e1ndose en la base de datos de PUNS. Esta base de datos sirve como lista de espera para los solicitantes de servicios. CSO lleva a cabo una reuni\u00f3n cara a cara con todos el mundo en busca de ayudarle a completar la inscripcion. Una vez que el nombre del individuo,\u00a0 informaci\u00f3n demogr\u00e1fica, el tipo de servicios que se solicita y el periodo de tiempo por el cual los servicios quedan registrados la informaci\u00f3n se somete al estado.<\/p><p>A su entera discreci\u00f3n, el estado lleva a cabo un proceso de selecci\u00f3n de estilo de loter\u00eda. Las personas seleccionadas se notificaran a ponerse en contacto con sus agencias PAS \/ ISSA para su posterior procesamiento. Para obtener una vista previa del folleto de PUNS del DHS, haga clic aqu\u00ed. Para inscribirse en la lista de PUNS, llame a nuestro departamento de admisi\u00f3n al (773) 471-4740.<\/p>\t\t\t\t\t\t\t\t<\/div>\n\t\t\t\t<\/div>\n\t\t\t\t\t<\/div>\n\t\t<\/div>\n\t\t\t\t\t<\/div>\n\t\t<\/section>\n\t\t\t\t<\/div>\n\t\t","protected":false},"excerpt":{"rendered":"<p>Priorizaci\u00f3n de la Urgencia de la Necesidad de Servicios (PUNS) Todas las personas con discapacidad intelectual o de desarrollo que deseen recibir servicios del Departamento de Servicios Humanos de Illinois, &#8230;<\/p>\n","protected":false},"author":1,"featured_media":0,"parent":0,"menu_order":0,"comment_status":"closed","ping_status":"closed","template":"","meta":{"footnotes":""},"class_list":["post-547","page","type-page","status-publish","hentry"],"_links":{"self":[{"href":"https:\/\/www.cso1.org\/es\/wp-json\/wp\/v2\/pages\/547","targetHints":{"allow":["GET"]}}],"collection":[{"href":"https:\/\/www.cso1.org\/es\/wp-json\/wp\/v2\/pages"}],"about":[{"href":"https:\/\/www.cso1.org\/es\/wp-json\/wp\/v2\/types\/page"}],"author":[{"embeddable":true,"href":"https:\/\/www.cso1.org\/es\/wp-json\/wp\/v2\/users\/1"}],"replies":[{"embeddable":true,"href":"https:\/\/www.cso1.org\/es\/wp-json\/wp\/v2\/comments?post=547"}],"version-history":[{"count":4,"href":"https:\/\/www.cso1.org\/es\/wp-json\/wp\/v2\/pages\/547\/revisions"}],"predecessor-version":[{"id":551,"href":"https:\/\/www.cso1.org\/es\/wp-json\/wp\/v2\/pages\/547\/revisions\/551"}],"wp:attachment":[{"href":"https:\/\/www.cso1.org\/es\/wp-json\/wp\/v2\/media?parent=547"}],"curies":[{"name":"wp","href":"https:\/\/api.w.org\/{rel}","templated":true}]}}