{"id":552,"date":"2025-04-28T06:02:59","date_gmt":"2025-04-28T06:02:59","guid":{"rendered":"https:\/\/www.cso1.org\/es\/?page_id=552"},"modified":"2025-04-28T06:03:41","modified_gmt":"2025-04-28T06:03:41","slug":"pre-admission-screening","status":"publish","type":"page","link":"https:\/\/www.cso1.org\/es\/pre-admission-screening\/","title":{"rendered":"Pre-Admission Screening (PAS)"},"content":{"rendered":"\t\t<div data-elementor-type=\"wp-page\" data-elementor-id=\"552\" class=\"elementor elementor-552\">\n\t\t\t\t\t\t<section class=\"elementor-section elementor-top-section elementor-element elementor-element-6529585 elementor-section-boxed elementor-section-height-default elementor-section-height-default\" data-id=\"6529585\" data-element_type=\"section\">\n\t\t\t\t\t\t<div class=\"elementor-container elementor-column-gap-default\">\n\t\t\t\t\t<div class=\"elementor-column elementor-col-100 elementor-top-column elementor-element elementor-element-4ae9aa2\" data-id=\"4ae9aa2\" data-element_type=\"column\">\n\t\t\t<div class=\"elementor-widget-wrap elementor-element-populated\">\n\t\t\t\t\t\t<div class=\"elementor-element elementor-element-36891e3 elementor-widget elementor-widget-heading\" data-id=\"36891e3\" data-element_type=\"widget\" data-widget_type=\"heading.default\">\n\t\t\t\t<div class=\"elementor-widget-container\">\n\t\t\t\t\t<h2 class=\"elementor-heading-title elementor-size-default\">Evaluaci\u00f3n de Pre-Admisi\u00f3n (PAS)<\/h2>\t\t\t\t<\/div>\n\t\t\t\t<\/div>\n\t\t\t\t<div class=\"elementor-element elementor-element-f3c5b31 elementor-widget elementor-widget-text-editor\" data-id=\"f3c5b31\" data-element_type=\"widget\" data-widget_type=\"text-editor.default\">\n\t\t\t\t<div class=\"elementor-widget-container\">\n\t\t\t\t\t\t\t\t\t<p>PAS (Por sus signal en ingle\u2019s) se lleva a cabo por profesionales calificados en discapacidad intelectual de OSC en una entrevista cara a cara. Esto puede hacerse en el domicilio de la persona que solicita los servicios, en la oficina de CSO o en un lugar preferente del solicitante de servicios. En el momento de este proceso, el ISC lleva a cabo una evaluaci\u00f3n completa de la capacidad de la persona para funcionar de forma independiente y en la comunidad. El ISC re\u00fane registros educativos, diagn\u00f3sticos y m\u00e9dicos, observa a la persona en entornos naturales y entrevista a la persona y sus familiares (si est\u00e1n disponibles) sobre su historial, necesidades y solicitudes de servicio. Si es necesario, el ISC ordena evaluaciones adicionales: evaluaciones psicol\u00f3gicas, m\u00e9dicas y otras evaluaciones funcionales para determinar el nivel apropiado de necesidad de atenci\u00f3n del individuo. Como resultado de este proceso, el ISC puede desarrollar un plan y organizar servicios que reflejen tanto la informaci\u00f3n funcional acumulada como las preferencias de la persona \/ familia para el tipo de servicio, ubicaci\u00f3n, cultura y entorno.<\/p>\t\t\t\t\t\t\t\t<\/div>\n\t\t\t\t<\/div>\n\t\t\t\t\t<\/div>\n\t\t<\/div>\n\t\t\t\t\t<\/div>\n\t\t<\/section>\n\t\t\t\t<\/div>\n\t\t","protected":false},"excerpt":{"rendered":"<p>Evaluaci\u00f3n de Pre-Admisi\u00f3n (PAS) PAS (Por sus signal en ingle\u2019s) se lleva a cabo por profesionales calificados en discapacidad intelectual de OSC en una entrevista cara a cara. Esto puede &#8230;<\/p>\n","protected":false},"author":1,"featured_media":0,"parent":0,"menu_order":0,"comment_status":"closed","ping_status":"closed","template":"","meta":{"footnotes":""},"class_list":["post-552","page","type-page","status-publish","hentry"],"_links":{"self":[{"href":"https:\/\/www.cso1.org\/es\/wp-json\/wp\/v2\/pages\/552","targetHints":{"allow":["GET"]}}],"collection":[{"href":"https:\/\/www.cso1.org\/es\/wp-json\/wp\/v2\/pages"}],"about":[{"href":"https:\/\/www.cso1.org\/es\/wp-json\/wp\/v2\/types\/page"}],"author":[{"embeddable":true,"href":"https:\/\/www.cso1.org\/es\/wp-json\/wp\/v2\/users\/1"}],"replies":[{"embeddable":true,"href":"https:\/\/www.cso1.org\/es\/wp-json\/wp\/v2\/comments?post=552"}],"version-history":[{"count":4,"href":"https:\/\/www.cso1.org\/es\/wp-json\/wp\/v2\/pages\/552\/revisions"}],"predecessor-version":[{"id":556,"href":"https:\/\/www.cso1.org\/es\/wp-json\/wp\/v2\/pages\/552\/revisions\/556"}],"wp:attachment":[{"href":"https:\/\/www.cso1.org\/es\/wp-json\/wp\/v2\/media?parent=552"}],"curies":[{"name":"wp","href":"https:\/\/api.w.org\/{rel}","templated":true}]}}