{"id":567,"date":"2025-04-28T06:12:59","date_gmt":"2025-04-28T06:12:59","guid":{"rendered":"https:\/\/www.cso1.org\/es\/?page_id=567"},"modified":"2025-04-28T06:13:55","modified_gmt":"2025-04-28T06:13:55","slug":"voucher-respite-program","status":"publish","type":"page","link":"https:\/\/www.cso1.org\/es\/voucher-respite-program\/","title":{"rendered":"Voucher Respite Program (VRP)"},"content":{"rendered":"\t\t<div data-elementor-type=\"wp-page\" data-elementor-id=\"567\" class=\"elementor elementor-567\">\n\t\t\t\t\t\t<section class=\"elementor-section elementor-top-section elementor-element elementor-element-6529585 elementor-section-boxed elementor-section-height-default elementor-section-height-default\" data-id=\"6529585\" data-element_type=\"section\">\n\t\t\t\t\t\t<div class=\"elementor-container elementor-column-gap-default\">\n\t\t\t\t\t<div class=\"elementor-column elementor-col-100 elementor-top-column elementor-element elementor-element-4ae9aa2\" data-id=\"4ae9aa2\" data-element_type=\"column\">\n\t\t\t<div class=\"elementor-widget-wrap elementor-element-populated\">\n\t\t\t\t\t\t<div class=\"elementor-element elementor-element-36891e3 elementor-widget elementor-widget-heading\" data-id=\"36891e3\" data-element_type=\"widget\" data-widget_type=\"heading.default\">\n\t\t\t\t<div class=\"elementor-widget-container\">\n\t\t\t\t\t<h2 class=\"elementor-heading-title elementor-size-default\">COMPROBANTE DE RELEVO<\/h2>\t\t\t\t<\/div>\n\t\t\t\t<\/div>\n\t\t\t\t<div class=\"elementor-element elementor-element-f3c5b31 elementor-widget elementor-widget-text-editor\" data-id=\"f3c5b31\" data-element_type=\"widget\" data-widget_type=\"text-editor.default\">\n\t\t\t\t<div class=\"elementor-widget-container\">\n\t\t\t\t\t\t\t\t\t<p><strong>COMPROBANTE DE RELEVO<\/strong><\/p><p>Community Service Options, Inc. (CSO) opera un programa de vales de relevo para el Departamento de Servicios Humanos de Illinois \u2013 Divisi\u00f3n de Discapacidades del Desarrollo que proporciona fondos para las familias que cuidan a personas con discapacidades intelectuales\/de desarrollo y que necesitan servicios de relevo.<\/p><p><strong>\u00bfQu\u00e9 es el programa de Comprobante de Relevo?<\/strong><\/p><p>El programa de Comprobante de Relevo proporciona fondos para el cuidado planeado o de emergencia para la persona con una discapacidad intelectual o de desarrollo. Los fondos brindan un alivio temporal a la persona responsable por el cuidado del individuo.<\/p><p>El programa de Comprobante de Relevo es un apoyo temporal en un lugar no financiado por el estado, lo cual incluye el hogar familiar. Los servicios de relevo fortalecen los sistemas familiares al mismo tiempo que protegen la salud y el bienestar tanto de la persona que provee el cuidado del individuo como el de la persona que recibe el cuidado.<\/p><p><strong>Requisitos<\/strong><\/p><p>Las personas que reciben servicios de relevo deben tener una discapacidad de desarrollo<\/p><p>Las personas deben residir en la Ciudad de Chicago y actualmente no recibir ning\u00fan servicio financiado por la divisi\u00f3n de discapacidades del desarrollo. Con la excepci\u00f3n de las personas que solamente participan en programas de d\u00eda<\/p><p>La persona que provee cuidado debe residir en la misma ubicaci\u00f3n f\u00edsica que la persona que necesita y\/o recibe servicios de relevo.<\/p><p><strong>Para obtener m\u00e1s informaci\u00f3n o para solicitar servicio, llame al 773-471-4740.<\/strong><\/p>\t\t\t\t\t\t\t\t<\/div>\n\t\t\t\t<\/div>\n\t\t\t\t\t<\/div>\n\t\t<\/div>\n\t\t\t\t\t<\/div>\n\t\t<\/section>\n\t\t\t\t<\/div>\n\t\t","protected":false},"excerpt":{"rendered":"<p>COMPROBANTE DE RELEVO COMPROBANTE DE RELEVO Community Service Options, Inc. (CSO) opera un programa de vales de relevo para el Departamento de Servicios Humanos de Illinois \u2013 Divisi\u00f3n de Discapacidades &#8230;<\/p>\n","protected":false},"author":1,"featured_media":0,"parent":0,"menu_order":0,"comment_status":"closed","ping_status":"closed","template":"","meta":{"footnotes":""},"class_list":["post-567","page","type-page","status-publish","hentry"],"_links":{"self":[{"href":"https:\/\/www.cso1.org\/es\/wp-json\/wp\/v2\/pages\/567","targetHints":{"allow":["GET"]}}],"collection":[{"href":"https:\/\/www.cso1.org\/es\/wp-json\/wp\/v2\/pages"}],"about":[{"href":"https:\/\/www.cso1.org\/es\/wp-json\/wp\/v2\/types\/page"}],"author":[{"embeddable":true,"href":"https:\/\/www.cso1.org\/es\/wp-json\/wp\/v2\/users\/1"}],"replies":[{"embeddable":true,"href":"https:\/\/www.cso1.org\/es\/wp-json\/wp\/v2\/comments?post=567"}],"version-history":[{"count":4,"href":"https:\/\/www.cso1.org\/es\/wp-json\/wp\/v2\/pages\/567\/revisions"}],"predecessor-version":[{"id":571,"href":"https:\/\/www.cso1.org\/es\/wp-json\/wp\/v2\/pages\/567\/revisions\/571"}],"wp:attachment":[{"href":"https:\/\/www.cso1.org\/es\/wp-json\/wp\/v2\/media?parent=567"}],"curies":[{"name":"wp","href":"https:\/\/api.w.org\/{rel}","templated":true}]}}