{"id":587,"date":"2025-04-30T11:43:10","date_gmt":"2025-04-30T11:43:10","guid":{"rendered":"https:\/\/www.cso1.org\/es\/?page_id=587"},"modified":"2025-04-30T12:02:29","modified_gmt":"2025-04-30T12:02:29","slug":"housing-navigator-program","status":"publish","type":"page","link":"https:\/\/www.cso1.org\/es\/housing-navigator-program\/","title":{"rendered":"Housing Navigator Program"},"content":{"rendered":"\t\t<div data-elementor-type=\"wp-page\" data-elementor-id=\"587\" class=\"elementor elementor-587\">\n\t\t\t\t\t\t<section class=\"elementor-section elementor-top-section elementor-element elementor-element-6529585 elementor-section-boxed elementor-section-height-default elementor-section-height-default\" data-id=\"6529585\" data-element_type=\"section\">\n\t\t\t\t\t\t<div class=\"elementor-container elementor-column-gap-default\">\n\t\t\t\t\t<div class=\"elementor-column elementor-col-100 elementor-top-column elementor-element elementor-element-4ae9aa2\" data-id=\"4ae9aa2\" data-element_type=\"column\">\n\t\t\t<div class=\"elementor-widget-wrap elementor-element-populated\">\n\t\t\t\t\t\t<div class=\"elementor-element elementor-element-36891e3 elementor-widget elementor-widget-heading\" data-id=\"36891e3\" data-element_type=\"widget\" data-widget_type=\"heading.default\">\n\t\t\t\t<div class=\"elementor-widget-container\">\n\t\t\t\t\t<h2 class=\"elementor-heading-title elementor-size-default\">Programa de Navegador de Vivienda\n<\/h2>\t\t\t\t<\/div>\n\t\t\t\t<\/div>\n\t\t\t\t<div class=\"elementor-element elementor-element-f3c5b31 elementor-widget elementor-widget-text-editor\" data-id=\"f3c5b31\" data-element_type=\"widget\" data-widget_type=\"text-editor.default\">\n\t\t\t\t<div class=\"elementor-widget-container\">\n\t\t\t\t\t\t\t\t\t<p>\u00a1Tienes la opci\u00f3n de elegir d\u00f3nde y c\u00f3mo vivir! La Divisi\u00f3n de Discapacidades del Desarrollo (DDD) del Departamento de Servicios Humanos de Illinois (DHS) ha incorporado un nuevo programa para ayudar a las personas con Discapacidades del Desarrollo (DD) a encontrar opciones de vivienda en las comunidades de Illinois.<br \/>Las personas con discapacidades del desarrollo (DD) deben tener acceso a los servicios de exenci\u00f3n de Medicaid o ser seleccionadas de la lista de PUNS. Los asesores de vivienda trabajan para las agencias de Coordinaci\u00f3n de Servicios Independientes (ISC) y ayudan a las personas a solicitar unidades de alquiler.<br \/><strong>\u00bfQu\u00e9 har\u00e1 el Navegador de Vivienda del ISC?<\/strong><br \/>\u00a0&#8211; Ayudarle a encontrar una vivienda que pueda pagar<br \/>\u00a0&#8211; Ayudar a encontrar viviendas accesibles.<br \/>&#8211; Trabaje con su Coordinador de Servicios de ISC para encontrar una Agencia Proveedora que lo apoyar\u00e1 en su<br \/><strong>Usted es elegible si:<br \/><\/strong>&#8211; Tener una discapacidad del desarrollo &#8211; Would like to live in your own apartment<br \/>&#8211; Est\u00e1n recibiendo servicios en casa o en un hogar grupal.<br \/>&#8211; Se seleccionan de la lista PUNS<br \/>&#8211; Obtenga servicios de exenci\u00f3n basados \u200b\u200ben el hogar y la comunidad de Medicaid (HCBS)<br \/><strong>\u00bfD\u00f3nde vivir\u00eda?<\/strong><br \/>&#8211; En una comunidad de tu elecci\u00f3n &#8211; Alone or with roommates you choose (including family members)<br \/><strong>\u00bfC\u00f3mo puedo obtener m\u00e1s informaci\u00f3n?<\/strong><br \/>&#8211; Llame a nuestro Departamento de Admisi\u00f3n al 888-4INR (4467) o al 773-471-4740<br \/>&#8211; Solicita el programa de Navegaci\u00f3n de Vivienda<br \/>&#8211; Incluya la vida independiente en su Plan Descubrimiento y Personal<\/p>\t\t\t\t\t\t\t\t<\/div>\n\t\t\t\t<\/div>\n\t\t\t\t\t<\/div>\n\t\t<\/div>\n\t\t\t\t\t<\/div>\n\t\t<\/section>\n\t\t\t\t<\/div>\n\t\t","protected":false},"excerpt":{"rendered":"<p>Programa de Navegador de Vivienda \u00a1Tienes la opci\u00f3n de elegir d\u00f3nde y c\u00f3mo vivir! La Divisi\u00f3n de Discapacidades del Desarrollo (DDD) del Departamento de Servicios Humanos de Illinois (DHS) ha &#8230;<\/p>\n","protected":false},"author":1,"featured_media":0,"parent":0,"menu_order":0,"comment_status":"closed","ping_status":"closed","template":"","meta":{"footnotes":""},"class_list":["post-587","page","type-page","status-publish","hentry"],"_links":{"self":[{"href":"https:\/\/www.cso1.org\/es\/wp-json\/wp\/v2\/pages\/587","targetHints":{"allow":["GET"]}}],"collection":[{"href":"https:\/\/www.cso1.org\/es\/wp-json\/wp\/v2\/pages"}],"about":[{"href":"https:\/\/www.cso1.org\/es\/wp-json\/wp\/v2\/types\/page"}],"author":[{"embeddable":true,"href":"https:\/\/www.cso1.org\/es\/wp-json\/wp\/v2\/users\/1"}],"replies":[{"embeddable":true,"href":"https:\/\/www.cso1.org\/es\/wp-json\/wp\/v2\/comments?post=587"}],"version-history":[{"count":10,"href":"https:\/\/www.cso1.org\/es\/wp-json\/wp\/v2\/pages\/587\/revisions"}],"predecessor-version":[{"id":598,"href":"https:\/\/www.cso1.org\/es\/wp-json\/wp\/v2\/pages\/587\/revisions\/598"}],"wp:attachment":[{"href":"https:\/\/www.cso1.org\/es\/wp-json\/wp\/v2\/media?parent=587"}],"curies":[{"name":"wp","href":"https:\/\/api.w.org\/{rel}","templated":true}]}}