{"id":79,"date":"2018-11-13T00:20:41","date_gmt":"2018-11-13T00:20:41","guid":{"rendered":"http:\/\/www.protree.in\/cso\/?page_id=79"},"modified":"2018-11-14T19:03:50","modified_gmt":"2018-11-14T19:03:50","slug":"about-2","status":"publish","type":"page","link":"https:\/\/www.cso1.org\/es\/about-2\/","title":{"rendered":"About"},"content":{"rendered":"\t\t<div data-elementor-type=\"wp-post\" data-elementor-id=\"79\" class=\"elementor elementor-79 elementor-bc-flex-widget\">\n\t\t\t\t\t\t<section class=\"elementor-section elementor-top-section elementor-element elementor-element-62e73ee2 elementor-section-height-min-height elementor-section-content-middle elementor-section-stretched elementor-section-boxed elementor-section-height-default elementor-section-items-middle\" data-id=\"62e73ee2\" data-element_type=\"section\" data-settings=\"{&quot;background_background&quot;:&quot;classic&quot;,&quot;stretch_section&quot;:&quot;section-stretched&quot;}\">\n\t\t\t\t\t\t\t<div class=\"elementor-background-overlay\"><\/div>\n\t\t\t\t\t\t\t<div class=\"elementor-container elementor-column-gap-no\">\n\t\t\t\t\t<div class=\"elementor-column elementor-col-50 elementor-top-column elementor-element elementor-element-3b7494df\" data-id=\"3b7494df\" data-element_type=\"column\">\n\t\t\t<div class=\"elementor-widget-wrap elementor-element-populated\">\n\t\t\t\t\t\t<div class=\"elementor-element elementor-element-263e8a77 elementor-widget elementor-widget-heading\" data-id=\"263e8a77\" data-element_type=\"widget\" data-widget_type=\"heading.default\">\n\t\t\t\t<div class=\"elementor-widget-container\">\n\t\t\t\t\t<h5 class=\"elementor-heading-title elementor-size-default\">Community Service Options, Inc.<\/h5>\t\t\t\t<\/div>\n\t\t\t\t<\/div>\n\t\t\t\t<div class=\"elementor-element elementor-element-56e083a5 elementor-widget elementor-widget-heading\" data-id=\"56e083a5\" data-element_type=\"widget\" data-widget_type=\"heading.default\">\n\t\t\t\t<div class=\"elementor-widget-container\">\n\t\t\t\t\t<h2 class=\"elementor-heading-title elementor-size-default\">Dando una elecci\u00f3n y dar voz<\/h2>\t\t\t\t<\/div>\n\t\t\t\t<\/div>\n\t\t\t\t\t<\/div>\n\t\t<\/div>\n\t\t\t\t<div class=\"elementor-column elementor-col-50 elementor-top-column elementor-element elementor-element-ea8cfe\" data-id=\"ea8cfe\" data-element_type=\"column\">\n\t\t\t<div class=\"elementor-widget-wrap\">\n\t\t\t\t\t\t\t<\/div>\n\t\t<\/div>\n\t\t\t\t\t<\/div>\n\t\t<\/section>\n\t\t\t\t<section class=\"elementor-section elementor-top-section elementor-element elementor-element-16ea849f elementor-section-content-middle elementor-section-boxed elementor-section-height-default elementor-section-height-default\" data-id=\"16ea849f\" data-element_type=\"section\">\n\t\t\t\t\t\t<div class=\"elementor-container elementor-column-gap-no\">\n\t\t\t\t\t<div class=\"elementor-column elementor-col-50 elementor-top-column elementor-element elementor-element-2a317c2e\" data-id=\"2a317c2e\" data-element_type=\"column\">\n\t\t\t<div class=\"elementor-widget-wrap elementor-element-populated\">\n\t\t\t\t\t\t<div class=\"elementor-element elementor-element-3e58d1b8 elementor-widget-divider--view-line elementor-widget elementor-widget-divider\" data-id=\"3e58d1b8\" data-element_type=\"widget\" data-widget_type=\"divider.default\">\n\t\t\t\t<div class=\"elementor-widget-container\">\n\t\t\t\t\t\t\t<div class=\"elementor-divider\">\n\t\t\t<span class=\"elementor-divider-separator\">\n\t\t\t\t\t\t<\/span>\n\t\t<\/div>\n\t\t\t\t\t\t<\/div>\n\t\t\t\t<\/div>\n\t\t\t\t<div class=\"elementor-element elementor-element-3070e615 elementor-widget elementor-widget-heading\" data-id=\"3070e615\" data-element_type=\"widget\" data-widget_type=\"heading.default\">\n\t\t\t\t<div class=\"elementor-widget-container\">\n\t\t\t\t\t<h4 class=\"elementor-heading-title elementor-size-default\">ACERCA DE<\/h4>\t\t\t\t<\/div>\n\t\t\t\t<\/div>\n\t\t\t\t\t<\/div>\n\t\t<\/div>\n\t\t\t\t<div class=\"elementor-column elementor-col-50 elementor-top-column elementor-element elementor-element-5033f9f5\" data-id=\"5033f9f5\" data-element_type=\"column\">\n\t\t\t<div class=\"elementor-widget-wrap elementor-element-populated\">\n\t\t\t\t\t\t<div class=\"elementor-element elementor-element-3f7cda79 elementor-widget elementor-widget-text-editor\" data-id=\"3f7cda79\" data-element_type=\"widget\" data-widget_type=\"text-editor.default\">\n\t\t\t\t<div class=\"elementor-widget-container\">\n\t\t\t\t\t\t\t\t\t<div><p style=\"text-align: justify;\"><span style=\"color: #000000;\">Un sin fines de lucro 501 \u00a9 3 organizaci\u00f3n, fundada en 1989, las opciones de servicio de la Comunidad, Inc. (CSO) contratos con el Departamento de Servicios Humanos (DHS) para proporcionar la detecci\u00f3n previa a la hospitalizaci\u00f3n, la determinaci\u00f3n de la elegibilidad y la coordinaci\u00f3n de servicios para las personas con discapacidades del desarrollo, en Chicago. CSO es parte de un sistema nacional, mandato federal para ser completamente independiente y de independiente de la prestaci\u00f3n directa de servicios local. Esta funci\u00f3n \u201cindependiente\u201d permite a las CSO para salvaguardar los derechos de las personas con discapacidad, a pesar de que recibe fondos de subsidios federales y estatales, contratos y donaciones privadas.<\/span><\/p><p style=\"text-align: justify;\"><span style=\"color: #000000;\">CSO promueve el acceso, \u201celecci\u00f3n del servicio,\u201d opciones y la independencia de las personas con discapacidad, que residen en la ciudad de Chicago, a trav\u00e9s del suministro de informaci\u00f3n, la educaci\u00f3n, la promoci\u00f3n y la planificaci\u00f3n \/ coordinaci\u00f3n de servicios.<\/span><\/p><p style=\"text-align: justify;\"><span style=\"color: #000000;\">CSO sirve como una \u201cc\u00e1mara de compensaci\u00f3n\u201d para las personas con discapacidad, y \/ o su familia \/ tutor, que buscan servicios. Se compila y difunde la informaci\u00f3n relativa a las cuestiones de discapacidad, recursos, servicios y eventos; y asertivamente educa federales, estatales y locales responsables de las pol\u00edticas sobre el tema de la discapacidad.<\/span><\/p><p style=\"text-align: justify;\"><span style=\"color: #000000;\">CSO trabaja con los consumidores, los proveedores de servicios, y los pol\u00edticos, a trav\u00e9s del estado, para reformar el sistema de servicios humanos. sitio web, publicaciones y boletines de las CSO proporcionan la conciencia e inspirar acci\u00f3n sobre las cuestiones que afectan a las personas con discapacidad.<\/span><\/p><\/div>\t\t\t\t\t\t\t\t<\/div>\n\t\t\t\t<\/div>\n\t\t\t\t<div class=\"elementor-element elementor-element-223b6aba elementor-mobile-align-center elementor-icon-list--layout-traditional elementor-list-item-link-full_width elementor-widget elementor-widget-icon-list\" data-id=\"223b6aba\" data-element_type=\"widget\" data-widget_type=\"icon-list.default\">\n\t\t\t\t<div class=\"elementor-widget-container\">\n\t\t\t\t\t\t\t<ul class=\"elementor-icon-list-items\">\n\t\t\t\t\t\t\t<li class=\"elementor-icon-list-item\">\n\t\t\t\t\t\t\t\t\t\t\t<a href=\"https:\/\/www.cso1.org\/es\/contact\/\">\n\n\t\t\t\t\t\t\t\t\t\t\t\t<span class=\"elementor-icon-list-icon\">\n\t\t\t\t\t\t\t\t\t\t\t\t\t\t\t\t<i class=\"fa fa-envelope\" aria-hidden=\"true\"><\/i>\n\t\t\t\t\t\t\t\t\t\t\t\t\t<\/span>\n\t\t\t\t\t\t\t\t\t\t<span class=\"elementor-icon-list-text\"> Env\u00edenos un correo electr\u00f3nico<\/span>\n\t\t\t\t\t\t\t\t\t\t\t<\/a>\n\t\t\t\t\t\t\t\t\t<\/li>\n\t\t\t\t\t\t<\/ul>\n\t\t\t\t\t\t<\/div>\n\t\t\t\t<\/div>\n\t\t\t\t\t<\/div>\n\t\t<\/div>\n\t\t\t\t\t<\/div>\n\t\t<\/section>\n\t\t\t\t<section class=\"elementor-section elementor-top-section elementor-element elementor-element-1ad73b1b elementor-section-content-middle elementor-section-boxed elementor-section-height-default elementor-section-height-default\" data-id=\"1ad73b1b\" data-element_type=\"section\">\n\t\t\t\t\t\t<div class=\"elementor-container elementor-column-gap-default\">\n\t\t\t\t\t<div class=\"elementor-column elementor-col-100 elementor-top-column elementor-element elementor-element-31b44b38\" data-id=\"31b44b38\" data-element_type=\"column\" data-settings=\"{&quot;background_background&quot;:&quot;classic&quot;}\">\n\t\t\t<div class=\"elementor-widget-wrap elementor-element-populated\">\n\t\t\t\t\t\t<div class=\"elementor-element elementor-element-c18981b elementor-widget elementor-widget-heading\" data-id=\"c18981b\" data-element_type=\"widget\" data-widget_type=\"heading.default\">\n\t\t\t\t<div class=\"elementor-widget-container\">\n\t\t\t\t\t<h4 class=\"elementor-heading-title elementor-size-large\">SERVICIO DE PLANIFICACI\u00d3N Y COORDINACI\u00d3N<\/h4>\t\t\t\t<\/div>\n\t\t\t\t<\/div>\n\t\t\t\t<div class=\"elementor-element elementor-element-68a5a2a8 elementor-widget elementor-widget-text-editor\" data-id=\"68a5a2a8\" data-element_type=\"widget\" data-widget_type=\"text-editor.default\">\n\t\t\t\t<div class=\"elementor-widget-container\">\n\t\t\t\t\t\t\t\t\t<p><span style=\"color: #000000; font-family: 'Times New Roman'; font-size: 20px; text-align: start;\">Los defensores de los expertos en las CSO ayudan en el desarrollo de planes \u201ccentrada en la persona\u201d individuales para servicios y apoyos humanos basados \u200b\u200ben la comunidad. CSO trabaja con cada individuo y \/ o su familia \/ tutor para identificar los objetivos y estrategias que abordan las necesidades \u00fanicas y maximizar su potencial. planes de CSO y servicios arregla como las opciones de atenci\u00f3n m\u00e9dica, el empleo, los programas de vivienda, transporte accesible, y actividades recreativas.<\/span><\/p>\t\t\t\t\t\t\t\t<\/div>\n\t\t\t\t<\/div>\n\t\t\t\t\t<\/div>\n\t\t<\/div>\n\t\t\t\t\t<\/div>\n\t\t<\/section>\n\t\t\t\t<\/div>\n\t\t","protected":false},"excerpt":{"rendered":"<p>Community Service Options, Inc. Dando una elecci\u00f3n y dar voz ACERCA DE Un sin fines de lucro 501 \u00a9 3 organizaci\u00f3n, fundada en 1989, las opciones de servicio de la &#8230;<\/p>\n","protected":false},"author":1,"featured_media":0,"parent":0,"menu_order":0,"comment_status":"closed","ping_status":"closed","template":"","meta":{"footnotes":""},"class_list":["post-79","page","type-page","status-publish","hentry"],"_links":{"self":[{"href":"https:\/\/www.cso1.org\/es\/wp-json\/wp\/v2\/pages\/79","targetHints":{"allow":["GET"]}}],"collection":[{"href":"https:\/\/www.cso1.org\/es\/wp-json\/wp\/v2\/pages"}],"about":[{"href":"https:\/\/www.cso1.org\/es\/wp-json\/wp\/v2\/types\/page"}],"author":[{"embeddable":true,"href":"https:\/\/www.cso1.org\/es\/wp-json\/wp\/v2\/users\/1"}],"replies":[{"embeddable":true,"href":"https:\/\/www.cso1.org\/es\/wp-json\/wp\/v2\/comments?post=79"}],"version-history":[{"count":13,"href":"https:\/\/www.cso1.org\/es\/wp-json\/wp\/v2\/pages\/79\/revisions"}],"predecessor-version":[{"id":255,"href":"https:\/\/www.cso1.org\/es\/wp-json\/wp\/v2\/pages\/79\/revisions\/255"}],"wp:attachment":[{"href":"https:\/\/www.cso1.org\/es\/wp-json\/wp\/v2\/media?parent=79"}],"curies":[{"name":"wp","href":"https:\/\/api.w.org\/{rel}","templated":true}]}}